{"id":3,"date":"2019-08-01T10:04:59","date_gmt":"2019-08-01T08:04:59","guid":{"rendered":"http:\/\/www.salixcat.com\/?page_id=3"},"modified":"2024-10-05T16:03:38","modified_gmt":"2024-10-05T14:03:38","slug":"privacy-policy","status":"publish","type":"page","link":"https:\/\/www.salixcat.com\/es\/privacy-policy\/","title":{"rendered":"Pol\u00edtica de Privacidad"},"content":{"rendered":"<h3 class=\"wp-block-heading\">Qui\u00e9nes somos<\/h3>\r\n\r\n\r\n\r\n<p>Salixcat.com es un sitio web creado en el a\u00f1o 2019 para compartir contenido de Los Sims M\u00f3vil y Los Sims FreePlay. SalixCat ayuda a jugadores en los foros oficiales de EA y es una creadora de contenido de EA. La direcci\u00f3n de nuestro sitio web es: https:\/\/www.salixcat.com.<\/p>\r\n\r\n\r\n\r\n\r\n\r\n<h3 class=\"wp-block-heading\">Comentarios<\/h3>\r\n<p>Los comentarios en www.salixcat.com est\u00e1n desactivados.<\/p>\r\n\r\n\r\n\r\n\r\n\r\n\r\n\r\n<h3 class=\"wp-block-heading\">Cookies<\/h3>\r\n\r\n\r\n\r\n<p>Usamos Matomo para rastrear el comportamiento de los usuarios en el sitio web Matomo Analytics privacidad por dise\u00f1o. Todos los datos recopilados se almacenan solo en su propia base de datos MySQL, ninguna otra empresa (o miembro del equipo de Matomo) puede acceder a esta informaci\u00f3n. Matomo nunca enviar\u00e1 registros o datos de informes a otros servidores. El c\u00f3digo fuente del software es de c\u00f3digo abierto, por lo que cientos de personas lo han revisado para garantizar que sea seguro y mantenga sus datos privados.\u00a0<\/p>\r\n<p>&nbsp;<\/p>\r\n<h3 style=\"text-align: center;\"><p id=\"matomo_opted_out_intro\" style=\"display:none;\">Opt-out complete; your visits to this website will not be recorded by the Web Analytics tool. Note that if you clear your cookies, delete the opt-out cookie, or if you change computers or Web browsers, you will need to perform the opt-out procedure again.<\/p><p id=\"matomo_opted_in_intro\" >Puede optar por evitar que este sitio web agregue y analice las acciones que realiza aqu\u00ed. Si lo hace, proteger\u00e1 su privacidad, pero tambi\u00e9n evitar\u00e1 que el propietario aprenda de sus acciones y cree una mejor experiencia para usted y otros usuarios.<\/p><form action=\"\">\n        <input type=\"checkbox\" id=\"matomo_optout_checkbox\" checked=\"checked\"\/>\n        <label for=\"matomo_optout_checkbox\"><strong>\n        <span id=\"matomo_opted_in_label\" >Usted no est\u00e1 excluido. Desactive esta casilla para no participar.<\/span>\n\t\t<span id=\"matomo_opted_out_label\" style=\"display:none;\">You are currently opted out. Check this box to opt-in.<\/span>\n        <\/strong><\/label><input type=\"hidden\" name=\"trp-form-language\" value=\"es\"\/><\/form><noscript><p><strong style=\"color: #ff0000;\">This opt out feature requires JavaScript.<\/strong><\/p><\/noscript><p id=\"matomo_outout_err_cookies\" style=\"display: none;\"><strong>The tracking opt-out feature requires cookies to be enabled.<\/strong><\/p><\/h3>\r\n\r\n\r\n\r\n<h3 class=\"wp-block-heading\">Contenido incrustado de otros sitios web<\/h3>\r\n\r\n\r\n\r\n<p>Los art\u00edculos en este sitio pueden incluir contenido incrustado (por ejemplo, videos, im\u00e1genes, art\u00edculos, etc.). El contenido incrustado de otros sitios web se comporta exactamente de la misma manera que si el visitante hubiera visitado el otro sitio web.<\/p>\r\n\r\n\r\n\r\n<p>Estos sitios web pueden recopilar datos sobre usted, usar cookies, incrustar un seguimiento adicional de terceros y monitorear su interacci\u00f3n con ese contenido incrustado, incluido el seguimiento de su interacci\u00f3n con el contenido incrustado si tiene una cuenta y ha iniciado sesi\u00f3n en ese sitio web.<\/p>\r\n\r\n\r\n\r\n\r\n\r\n<h3 class=\"wp-block-heading\">Con qui\u00e9n compartimos sus datos<\/h3>\r\n<p>No compartimos sus datos.<\/p>","protected":false},"excerpt":{"rendered":"<p>Who we are Salixcat.com is a website created in 2019. It&#8217;s purpose is to share The Sims Mobile and The Sims FreePlay content with players. SalixCat is an AHQ Hero&#8230;<\/p>","protected":false},"author":1,"featured_media":0,"parent":0,"menu_order":0,"comment_status":"closed","ping_status":"closed","template":"","meta":{"two_page_speed":{"previous_score":{"desktop_score":97,"desktop_tti":"0.8\u00a0","mobile_score":86,"mobile_tti":"3.7\u00a0","date":"05.10.2024 04:03:23 pm","status":"completed"},"current_score":{"desktop_score":98,"desktop_tti":"0.6\u00a0","mobile_score":97,"mobile_tti":"2.9\u00a0","date":"05.10.2024 04:04:02 pm","status":"completed"}},"footnotes":""},"class_list":["post-3","page","type-page","status-publish","hentry"],"_links":{"self":[{"href":"https:\/\/www.salixcat.com\/es\/wp-json\/wp\/v2\/pages\/3","targetHints":{"allow":["GET"]}}],"collection":[{"href":"https:\/\/www.salixcat.com\/es\/wp-json\/wp\/v2\/pages"}],"about":[{"href":"https:\/\/www.salixcat.com\/es\/wp-json\/wp\/v2\/types\/page"}],"author":[{"embeddable":true,"href":"https:\/\/www.salixcat.com\/es\/wp-json\/wp\/v2\/users\/1"}],"replies":[{"embeddable":true,"href":"https:\/\/www.salixcat.com\/es\/wp-json\/wp\/v2\/comments?post=3"}],"version-history":[{"count":14,"href":"https:\/\/www.salixcat.com\/es\/wp-json\/wp\/v2\/pages\/3\/revisions"}],"predecessor-version":[{"id":4982,"href":"https:\/\/www.salixcat.com\/es\/wp-json\/wp\/v2\/pages\/3\/revisions\/4982"}],"wp:attachment":[{"href":"https:\/\/www.salixcat.com\/es\/wp-json\/wp\/v2\/media?parent=3"}],"curies":[{"name":"wp","href":"https:\/\/api.w.org\/{rel}","templated":true}]}}