{"id":15,"date":"2019-08-28T18:12:25","date_gmt":"2019-08-28T18:12:25","guid":{"rendered":"http:\/\/www.salixcat.com\/?page_id=15"},"modified":"2025-07-16T13:19:48","modified_gmt":"2025-07-16T11:19:48","slug":"acerca-de-salixcat","status":"publish","type":"page","link":"https:\/\/www.salixcat.com\/es\/acerca-de-salixcat\/","title":{"rendered":"Acerca de SalixCat"},"content":{"rendered":"<p>\u00a1 Hola todos!<\/p>\r\n\r\n\r\n\r\n<p>Soy SalixCat, Heroe en <a href=\"https:\/\/forums.ea.com\/category\/the-sims-es\" target=\"_blank\" rel=\"noreferrer noopener\" aria-label=\"Answers HQ en Espa\u00f1ol (opens in a new tab)\">Los Foros de EA en Espa\u00f1ol<\/a> y <a href=\"https:\/\/forums.ea.com\/category\/the-sims-en\" target=\"_blank\" rel=\"noreferrer noopener\" aria-label=\"AHQ en Ingl\u00e9s (opens in a new tab)\">EA Forums en Ingl\u00e9s<\/a>\u00a0 y miembro del programa <a href=\"https:\/\/www.ea.com\/game-changers\" target=\"_blank\" rel=\"noopener noreferrer\">EA Creator Network<\/a>. Juego a Los Sims M\u00f3vil, Sims Freeplay y Sims 4. Me encanta ayudar y compartir experiencias con los jugadores.<\/p>\r\n\r\n\r\n\r\n<p>He observado que se encuentra mucha informaci\u00f3n en Internet acerca de Los Sims M\u00f3vil y Freeplay pero la mayor\u00eda es en Ingl\u00e9s y casi nada en Espa\u00f1ol. Por eso comenc\u00e9 a traducir gu\u00edas de misiones hace unos a\u00f1os para hacerlas disponibles a los jugadores que hablan Espa\u00f1ol.<\/p>\r\n\r\n\r\n\r\n<p>Adem\u00e1s de las gu\u00edas de las misiones trato de recopilar informaci\u00f3n general acerca del juego que espero sea \u00fatil para todos los jugadores.<\/p>\r\n<p><a href=\"https:\/\/www.salixcat.com\/wp-content\/uploads\/2019\/11\/SalixSignature-6.png\"><img loading=\"lazy\" decoding=\"async\" class=\"aligncenter size-full wp-image-599\" src=\"https:\/\/www.salixcat.com\/wp-content\/uploads\/2019\/11\/SalixSignature-6.png\" alt=\"\" width=\"383\" height=\"119\" srcset=\"https:\/\/www.salixcat.com\/wp-content\/uploads\/2019\/11\/SalixSignature-6.png 383w, https:\/\/www.salixcat.com\/wp-content\/uploads\/2019\/11\/SalixSignature-6-300x93.png 300w\" sizes=\"auto, (max-width: 383px) 100vw, 383px\" \/><\/a><\/p>\r\n<p>&nbsp;<\/p>","protected":false},"excerpt":{"rendered":"<p>\u00a1 Hola todos! Soy SalixCat, Heroe en Los Foros de EA en Espa\u00f1ol y EA Forums en Ingl\u00e9s\u00a0 y miembro del programa EA Creator Network. Juego a Los Sims M\u00f3vil,&#8230;<\/p>","protected":false},"author":1,"featured_media":0,"parent":0,"menu_order":0,"comment_status":"closed","ping_status":"closed","template":"","meta":{"two_page_speed":[],"footnotes":""},"class_list":["post-15","page","type-page","status-publish","hentry"],"_links":{"self":[{"href":"https:\/\/www.salixcat.com\/es\/wp-json\/wp\/v2\/pages\/15","targetHints":{"allow":["GET"]}}],"collection":[{"href":"https:\/\/www.salixcat.com\/es\/wp-json\/wp\/v2\/pages"}],"about":[{"href":"https:\/\/www.salixcat.com\/es\/wp-json\/wp\/v2\/types\/page"}],"author":[{"embeddable":true,"href":"https:\/\/www.salixcat.com\/es\/wp-json\/wp\/v2\/users\/1"}],"replies":[{"embeddable":true,"href":"https:\/\/www.salixcat.com\/es\/wp-json\/wp\/v2\/comments?post=15"}],"version-history":[{"count":17,"href":"https:\/\/www.salixcat.com\/es\/wp-json\/wp\/v2\/pages\/15\/revisions"}],"predecessor-version":[{"id":5063,"href":"https:\/\/www.salixcat.com\/es\/wp-json\/wp\/v2\/pages\/15\/revisions\/5063"}],"wp:attachment":[{"href":"https:\/\/www.salixcat.com\/es\/wp-json\/wp\/v2\/media?parent=15"}],"curies":[{"name":"wp","href":"https:\/\/api.w.org\/{rel}","templated":true}]}}